{"id":1370,"date":"2019-01-20T18:01:55","date_gmt":"2019-01-20T17:01:55","guid":{"rendered":"https:\/\/www.hektar-lv.de\/?page_id=1370"},"modified":"2023-04-24T15:28:21","modified_gmt":"2023-04-24T13:28:21","slug":"impressum","status":"publish","type":"page","link":"https:\/\/www.hektar-lv.de\/en\/impressum\/","title":{"rendered":"Impressum"},"content":{"rendered":"<div id=\"#intro\" class=\"fusion-container-anchor\"><div class=\"fusion-fullwidth fullwidth-box fusion-builder-row-1 nonhundred-percent-fullwidth non-hundred-percent-height-scrolling\" style=\"--awb-border-radius-top-left:0px;--awb-border-radius-top-right:0px;--awb-border-radius-bottom-right:0px;--awb-border-radius-bottom-left:0px;--awb-padding-top:120px;--awb-padding-bottom:80px;--awb-flex-wrap:wrap;\" ><div class=\"fusion-builder-row fusion-row\"><div class=\"fusion-layout-column fusion_builder_column fusion-builder-column-0 fusion_builder_column_1_1 1_1 fusion-one-full fusion-column-first fusion-column-last\" style=\"--awb-bg-size:cover;\"><div class=\"fusion-column-wrapper fusion-flex-column-wrapper-legacy\"><div class=\"fusion-title title fusion-title-1 fusion-sep-none fusion-title-text fusion-title-size-one\" style=\"--awb-margin-bottom:10px;\"><h1 class=\"fusion-title-heading title-heading-left fusion-responsive-typography-calculated\" style=\"margin:0;--fontSize:40;line-height:1.3;\">Impressum<\/h1><\/div><div class=\"fusion-text fusion-text-1\"><div class=\"fusion-text\">\n<p><strong>Verantwortlich f\u00fcr den Inhalt:\u2028<\/strong><br \/>\nEinzelvertretungsberechtigter Gesch\u00e4ftsf\u00fchrer: Marcus Heymann<\/p>\n<p><strong>Firmendaten:\u2028<\/strong><br \/>\nHEKTAR Liegenschaftsverwaltung GmbH<br \/>\nHeinrichstra\u00dfe 85<br \/>\n64283 Darmstadt<br \/>\nTelefon: 06151 13647-13<br \/>\nTelefax: 06151 13647-15<br \/>\nE-Mail: info@HEKTAR-LV.de<br \/>\nInternet: http:\/\/www.HEKTAR-LV.de<\/p>\n<p><strong>Telefonische Sprechzeiten:<\/strong><br \/>\nMontags bis freitags von 9 bis 12:30 Uhr.<\/p>\n<p><strong>B\u00fcrozeiten:<\/strong><br \/>\nMontags bis freitags von 9 bis 12:30 Uhr und 14:00 bis 18:00 Uhr.<\/p>\n<p><strong>Handelsregister:<\/strong> Handelsregister-Nr. 99791, Gerichtsstand: Amtsgericht Darmstadt<br \/>\n<strong>Einzelvertretungsberechtigte Gesch\u00e4ftsf\u00fchrer:<\/strong> Marcus Heymann<br \/>\n<strong>Steuernummer:<\/strong> 007 827 31398<\/p>\n<p><strong>Gestaltung &amp; Umsetzung:<\/strong> <a href=\"https:\/\/www.pixelgestalter.info\" target=\"_blank\" rel=\"noopener noreferrer\">Werbeagentur Pixelgestalter<\/a><\/p>\n<p><strong>Online-Streitbeilegung<\/strong><br \/>\nDie Europ\u00e4ische Kommission stellt unter https:\/\/ec.europa.eu\/consumers\/odr\/ eine Plattform zur Online-Streitbeilegung bereit, die Verbraucher f\u00fcr die Beilegung einer Streitigkeit nutzen k\u00f6nnen und auf der weitere Informationen zum Thema Streitschlichtung zu finden sind.<\/p>\n<p><strong>Au\u00dfergerichtliche Streitbeilegung<\/strong><br \/>\nWir sind weder verpflichtet noch dazu bereit, im Falle einer Streitigkeit mit einem Verbraucher an einem Streitbeilegungsverfahren vor einer Verbraucherschlichtungsstelle teilzunehmen.<\/p>\n<div class=\"fusion-text\">\n<p><strong>Copyright-Angaben f\u00fcr verwendete Bilder:<\/strong><br \/>\nDatei: #121872792 | Urheber: <a title=\"Das komplette Portfolio von ah_fotobox ansehen\" href=\"https:\/\/de.fotolia.com\/p\/204167575\">ah_fotobox<\/a><br \/>\nDatei: #154650153 | Urheber: <a title=\"Das komplette Portfolio von Gerhard Seybert ansehen\" href=\"https:\/\/de.fotolia.com\/p\/135273\">Gerhard Seybert<\/a><br \/>\nDatei: #106922260 | Urheber: <a title=\"Das komplette Portfolio von contrastwerkstatt ansehen\" href=\"https:\/\/de.fotolia.com\/p\/200942600\">contrastwerkstatt<\/a><br \/>\nDatei: #78497989 | Urheber: <a title=\"Das komplette Portfolio von Bomix ansehen\" href=\"https:\/\/de.fotolia.com\/p\/202096725\">Bomix<\/a><br \/>\nDatei: #103010075 | Urheber: <a title=\"Das komplette Portfolio von opka ansehen\" href=\"https:\/\/de.fotolia.com\/p\/203604821\">opka<\/a><br \/>\nDatei: #106386700 | Urheber: <a title=\"Das komplette Portfolio von Tiberius Gracchus ansehen\" href=\"https:\/\/de.fotolia.com\/p\/202363916\">Tiberius Gracchus<\/a><br \/>\nDatei: #187233079 | Urheber: <a title=\"Das komplette Portfolio von Tiberius Gracchus ansehen\" href=\"https:\/\/de.fotolia.com\/p\/202363916\">Tiberius Gracchus<\/a><br \/>\nDatei: #187315904 | Urheber: <a title=\"Das komplette Portfolio von Tiberius Gracchus ansehen\" href=\"https:\/\/de.fotolia.com\/p\/202363916\">Tiberius Gracchus<\/a><br \/>\nDatei: #187317072 | Urheber: <a title=\"Das komplette Portfolio von Tiberius Gracchus ansehen\" href=\"https:\/\/de.fotolia.com\/p\/202363916\">Tiberius Gracchus<\/a><\/p>\n<p>Kunstausstellung: \u201enah und fern\u201c vom 20. Mai bis 16. August 2019<br \/>\nFotografie: <a class=\"\" title=\"http:\/\/kurznach12-fotografie.de\" href=\"http:\/\/kurznach12-fotografie.de\/\" target=\"_blank\" rel=\"noopener noreferrer\">kurznach12-fotografie.de<\/a><\/p>\n<p><strong>Haftungsausschluss:<\/strong><\/p>\n<p><strong>Inhalt:\u2028<\/strong><br \/>\nDiese Website wurde mit gr\u00f6\u00dftm\u00f6glicher Sorgfalt zusammengestellt. Trotzdem kann keine Gew\u00e4hr f\u00fcr die Fehlerfreiheit und Genauigkeit der enthaltenen Informationen \u00fcbernommen werden. HEKTAR Liegenschaftsverwaltung GmbH \u00fcbernimmt keinerlei Gew\u00e4hr f\u00fcr die Aktualit\u00e4t, Korrektheit, Vollst\u00e4ndigkeit oder Qualit\u00e4t der dargestellten Informationen. Haftungsanspr\u00fcche gegen HEKTAR Liegenschaftsverwaltung GmbH, welche sich auf Sch\u00e4den materieller oder ideeller Art beziehen, die durch die Nutzung oder Nichtnutzung der dargebotenen Informationen oder durch die Nutzung fehlerhafter und\/oder unvollst\u00e4ndiger Informationen verursacht wurden, sind grunds\u00e4tzlich ausgeschlossen, sofern seitens HEKTAR Liegenschaftsverwaltung GmbH kein nachweislich vors\u00e4tzliches oder grob fahrl\u00e4ssiges Verschulden vorliegt.<\/p>\n<p><strong>Verweise und Links:<\/strong><br \/>\nBei direkten oder indirekten Verweisen auf fremde Webseiten, so genannte Links, die au\u00dferhalb der Verantwortlichkeit von HEKTAR Liegenschaftsverwaltung GmbH liegen, ist eine Verantwortlichkeit zur Haftung f\u00fcr die Inhalte seitens HEKTAR Liegenschaftsverwaltung GmbH ausgeschlossen. HEKTAR Liegenschaftsverwaltung GmbH hat keinerlei Einfluss auf den Inhalt der verlinkten Seiten. F\u00fcr illegale, fehlerhafte oder unvollst\u00e4ndige Inhalte und insbesondere f\u00fcr Sch\u00e4den, die aus der Nutzung oder Nichtnutzung dargebotener, illegaler oder fehlerhafter Informationen verlinkter Seiten entstehen, haftet allein der Anbieter der Seite, auf welche verwiesen wurde, nicht jedoch HEKTAR Liegenschaftsverwaltung GmbH, die lediglich auf diese Inhalte verweist.<\/p>\n<p><strong>Urheber- und Kennzeichenrecht:<\/strong><br \/>\nAlle innerhalb des Internetangebotes genannten und gegebenenfalls durch Dritte gesch\u00fctzten Marken- und Warenzeichen unterliegen uneingeschr\u00e4nkt den Bestimmungen des jeweils g\u00fcltigen Kennzeichenrechts und den Besitzrechten der jeweiligen eingetragenen Eigent\u00fcmers. Allein aufgrund der blo\u00dfen Nennung ist nicht der Schluss zu ziehen, dass Markenzeichen nicht durch Rechte Dritter gesch\u00fctzt sind. Eine Ver\u00f6ffentlichung oder Vervielf\u00e4ltigung der von HEKTAR Liegenschaftsverwaltung GmbH erstellten Objekte ist ohne ausdr\u00fcckliche Zustimmung nicht zul\u00e4ssig.<\/p>\n<p><strong>Rechtswirksamkeit des Haftungsausschlusses:<\/strong><br \/>\nSofern Teile des Internetangebotes oder einzelne Formulierungen dieses Textes der geltenden Rechtslage nicht, nicht mehr oder nicht vollst\u00e4ndig entsprechen, bleiben die \u00fcbrigen Teile des Dokumentes in ihrem Inhalt und ihrer G\u00fcltigkeit davon unber\u00fchrt.<\/p>\n<\/div>\n<\/div>\n<\/div><div class=\"fusion-clearfix\"><\/div><\/div><\/div><\/div><\/div><\/div>\n","protected":false},"excerpt":{"rendered":"","protected":false},"author":1,"featured_media":0,"parent":0,"menu_order":0,"comment_status":"closed","ping_status":"closed","template":"100-width.php","meta":{"_monsterinsights_skip_tracking":false,"_monsterinsights_sitenote_active":false,"_monsterinsights_sitenote_note":"","_monsterinsights_sitenote_category":0,"footnotes":""},"class_list":["post-1370","page","type-page","status-publish","hentry"],"yoast_head":"<!-- This site is optimized with the Yoast SEO plugin v25.3.1 - https:\/\/yoast.com\/wordpress\/plugins\/seo\/ -->\n<title>Impressum | HEKTAR Liegenschaftsverwaltung GmbH - Hausverwaltung in Darmstadt<\/title>\n<meta name=\"description\" content=\"HEKTAR Liegenschaftsverwaltung \u2713 Ihre Hausverwaltung in Darmstadt \u2713 \u00dcber 30 Jahre Erfahrung in der Hausverwaltung \u2713 Spezialist f\u00fcr Miet-Verwaltung, WEG-Verwaltung &amp; SE-Verwaltung \u00bb JETZT BERATEN LASSEN. \u260e 06151 \u2013 136 47 13 \u2709 info@HEKTAR-LV.de\" \/>\n<meta name=\"robots\" content=\"index, follow, max-snippet:-1, max-image-preview:large, max-video-preview:-1\" \/>\n<link rel=\"canonical\" href=\"https:\/\/www.hektar-lv.de\/en\/impressum\/\" \/>\n<meta property=\"og:locale\" content=\"en_US\" \/>\n<meta property=\"og:type\" content=\"article\" \/>\n<meta property=\"og:title\" content=\"Impressum | HEKTAR Liegenschaftsverwaltung GmbH - Hausverwaltung in Darmstadt\" \/>\n<meta property=\"og:description\" content=\"HEKTAR Liegenschaftsverwaltung \u2713 Ihre Hausverwaltung in Darmstadt \u2713 \u00dcber 30 Jahre Erfahrung in der Hausverwaltung \u2713 Spezialist f\u00fcr Miet-Verwaltung, WEG-Verwaltung &amp; SE-Verwaltung \u00bb JETZT BERATEN LASSEN. \u260e 06151 \u2013 136 47 13 \u2709 info@HEKTAR-LV.de\" \/>\n<meta property=\"og:url\" content=\"https:\/\/www.hektar-lv.de\/en\/impressum\/\" \/>\n<meta property=\"og:site_name\" content=\"HEKTAR Liegenschaftsverwaltung GmbH - Hausverwaltung in Darmstadt\" \/>\n<meta property=\"article:publisher\" content=\"https:\/\/www.facebook.com\/hausverwaltungdarmstadt\/\" \/>\n<meta property=\"article:modified_time\" content=\"2023-04-24T13:28:21+00:00\" \/>\n<meta name=\"twitter:card\" content=\"summary_large_image\" \/>\n<meta name=\"twitter:label1\" content=\"Est. reading time\" \/>\n\t<meta name=\"twitter:data1\" content=\"4 minutes\" \/>\n<script type=\"application\/ld+json\" class=\"yoast-schema-graph\">{\"@context\":\"https:\/\/schema.org\",\"@graph\":[{\"@type\":\"WebPage\",\"@id\":\"https:\/\/www.hektar-lv.de\/en\/impressum\/\",\"url\":\"https:\/\/www.hektar-lv.de\/en\/impressum\/\",\"name\":\"Impressum | HEKTAR Liegenschaftsverwaltung GmbH - Hausverwaltung in Darmstadt\",\"isPartOf\":{\"@id\":\"https:\/\/www.hektar-lv.de\/en\/#website\"},\"datePublished\":\"2019-01-20T17:01:55+00:00\",\"dateModified\":\"2023-04-24T13:28:21+00:00\",\"description\":\"HEKTAR Liegenschaftsverwaltung \u2713 Ihre Hausverwaltung in Darmstadt \u2713 \u00dcber 30 Jahre Erfahrung in der Hausverwaltung \u2713 Spezialist f\u00fcr Miet-Verwaltung, WEG-Verwaltung & SE-Verwaltung \u00bb JETZT BERATEN LASSEN. \u260e 06151 \u2013 136 47 13 \u2709 info@HEKTAR-LV.de\",\"breadcrumb\":{\"@id\":\"https:\/\/www.hektar-lv.de\/en\/impressum\/#breadcrumb\"},\"inLanguage\":\"en-US\",\"potentialAction\":[{\"@type\":\"ReadAction\",\"target\":[\"https:\/\/www.hektar-lv.de\/en\/impressum\/\"]}]},{\"@type\":\"BreadcrumbList\",\"@id\":\"https:\/\/www.hektar-lv.de\/en\/impressum\/#breadcrumb\",\"itemListElement\":[{\"@type\":\"ListItem\",\"position\":1,\"name\":\"Startseite\",\"item\":\"https:\/\/www.hektar-lv.de\/en\/\"},{\"@type\":\"ListItem\",\"position\":2,\"name\":\"Impressum\"}]},{\"@type\":\"WebSite\",\"@id\":\"https:\/\/www.hektar-lv.de\/en\/#website\",\"url\":\"https:\/\/www.hektar-lv.de\/en\/\",\"name\":\"HEKTAR Liegenschaftsverwaltung GmbH - Hausverwaltung in Darmstadt\",\"description\":\"HEKTAR Liegenschaftsverwaltung GmbH - Hausverwaltung in Darmstadt\",\"publisher\":{\"@id\":\"https:\/\/www.hektar-lv.de\/en\/#organization\"},\"potentialAction\":[{\"@type\":\"SearchAction\",\"target\":{\"@type\":\"EntryPoint\",\"urlTemplate\":\"https:\/\/www.hektar-lv.de\/en\/?s={search_term_string}\"},\"query-input\":{\"@type\":\"PropertyValueSpecification\",\"valueRequired\":true,\"valueName\":\"search_term_string\"}}],\"inLanguage\":\"en-US\"},{\"@type\":\"Organization\",\"@id\":\"https:\/\/www.hektar-lv.de\/en\/#organization\",\"name\":\"HEKTAR Liegenschaftsverwaltung GmbH\",\"url\":\"https:\/\/www.hektar-lv.de\/en\/\",\"logo\":{\"@type\":\"ImageObject\",\"inLanguage\":\"en-US\",\"@id\":\"https:\/\/www.hektar-lv.de\/en\/#\/schema\/logo\/image\/\",\"url\":\"https:\/\/www.hektar-lv.de\/wp-content\/uploads\/2018\/04\/logo-retina.png\",\"contentUrl\":\"https:\/\/www.hektar-lv.de\/wp-content\/uploads\/2018\/04\/logo-retina.png\",\"width\":400,\"height\":179,\"caption\":\"HEKTAR Liegenschaftsverwaltung GmbH\"},\"image\":{\"@id\":\"https:\/\/www.hektar-lv.de\/en\/#\/schema\/logo\/image\/\"},\"sameAs\":[\"https:\/\/www.facebook.com\/hausverwaltungdarmstadt\/\"]}]}<\/script>\n<!-- \/ Yoast SEO plugin. -->","yoast_head_json":{"title":"Impressum | HEKTAR Liegenschaftsverwaltung GmbH - Hausverwaltung in Darmstadt","description":"HEKTAR Liegenschaftsverwaltung \u2713 Ihre Hausverwaltung in Darmstadt \u2713 \u00dcber 30 Jahre Erfahrung in der Hausverwaltung \u2713 Spezialist f\u00fcr Miet-Verwaltung, WEG-Verwaltung & SE-Verwaltung \u00bb JETZT BERATEN LASSEN. \u260e 06151 \u2013 136 47 13 \u2709 info@HEKTAR-LV.de","robots":{"index":"index","follow":"follow","max-snippet":"max-snippet:-1","max-image-preview":"max-image-preview:large","max-video-preview":"max-video-preview:-1"},"canonical":"https:\/\/www.hektar-lv.de\/en\/impressum\/","og_locale":"en_US","og_type":"article","og_title":"Impressum | HEKTAR Liegenschaftsverwaltung GmbH - Hausverwaltung in Darmstadt","og_description":"HEKTAR Liegenschaftsverwaltung \u2713 Ihre Hausverwaltung in Darmstadt \u2713 \u00dcber 30 Jahre Erfahrung in der Hausverwaltung \u2713 Spezialist f\u00fcr Miet-Verwaltung, WEG-Verwaltung & SE-Verwaltung \u00bb JETZT BERATEN LASSEN. \u260e 06151 \u2013 136 47 13 \u2709 info@HEKTAR-LV.de","og_url":"https:\/\/www.hektar-lv.de\/en\/impressum\/","og_site_name":"HEKTAR Liegenschaftsverwaltung GmbH - Hausverwaltung in Darmstadt","article_publisher":"https:\/\/www.facebook.com\/hausverwaltungdarmstadt\/","article_modified_time":"2023-04-24T13:28:21+00:00","twitter_card":"summary_large_image","twitter_misc":{"Est. reading time":"4 minutes"},"schema":{"@context":"https:\/\/schema.org","@graph":[{"@type":"WebPage","@id":"https:\/\/www.hektar-lv.de\/en\/impressum\/","url":"https:\/\/www.hektar-lv.de\/en\/impressum\/","name":"Impressum | HEKTAR Liegenschaftsverwaltung GmbH - Hausverwaltung in Darmstadt","isPartOf":{"@id":"https:\/\/www.hektar-lv.de\/en\/#website"},"datePublished":"2019-01-20T17:01:55+00:00","dateModified":"2023-04-24T13:28:21+00:00","description":"HEKTAR Liegenschaftsverwaltung \u2713 Ihre Hausverwaltung in Darmstadt \u2713 \u00dcber 30 Jahre Erfahrung in der Hausverwaltung \u2713 Spezialist f\u00fcr Miet-Verwaltung, WEG-Verwaltung & SE-Verwaltung \u00bb JETZT BERATEN LASSEN. \u260e 06151 \u2013 136 47 13 \u2709 info@HEKTAR-LV.de","breadcrumb":{"@id":"https:\/\/www.hektar-lv.de\/en\/impressum\/#breadcrumb"},"inLanguage":"en-US","potentialAction":[{"@type":"ReadAction","target":["https:\/\/www.hektar-lv.de\/en\/impressum\/"]}]},{"@type":"BreadcrumbList","@id":"https:\/\/www.hektar-lv.de\/en\/impressum\/#breadcrumb","itemListElement":[{"@type":"ListItem","position":1,"name":"Startseite","item":"https:\/\/www.hektar-lv.de\/en\/"},{"@type":"ListItem","position":2,"name":"Impressum"}]},{"@type":"WebSite","@id":"https:\/\/www.hektar-lv.de\/en\/#website","url":"https:\/\/www.hektar-lv.de\/en\/","name":"HEKTAR Liegenschaftsverwaltung GmbH - Hausverwaltung in Darmstadt","description":"HEKTAR Liegenschaftsverwaltung GmbH - Hausverwaltung in Darmstadt","publisher":{"@id":"https:\/\/www.hektar-lv.de\/en\/#organization"},"potentialAction":[{"@type":"SearchAction","target":{"@type":"EntryPoint","urlTemplate":"https:\/\/www.hektar-lv.de\/en\/?s={search_term_string}"},"query-input":{"@type":"PropertyValueSpecification","valueRequired":true,"valueName":"search_term_string"}}],"inLanguage":"en-US"},{"@type":"Organization","@id":"https:\/\/www.hektar-lv.de\/en\/#organization","name":"HEKTAR Liegenschaftsverwaltung GmbH","url":"https:\/\/www.hektar-lv.de\/en\/","logo":{"@type":"ImageObject","inLanguage":"en-US","@id":"https:\/\/www.hektar-lv.de\/en\/#\/schema\/logo\/image\/","url":"https:\/\/www.hektar-lv.de\/wp-content\/uploads\/2018\/04\/logo-retina.png","contentUrl":"https:\/\/www.hektar-lv.de\/wp-content\/uploads\/2018\/04\/logo-retina.png","width":400,"height":179,"caption":"HEKTAR Liegenschaftsverwaltung GmbH"},"image":{"@id":"https:\/\/www.hektar-lv.de\/en\/#\/schema\/logo\/image\/"},"sameAs":["https:\/\/www.facebook.com\/hausverwaltungdarmstadt\/"]}]}},"_links":{"self":[{"href":"https:\/\/www.hektar-lv.de\/en\/wp-json\/wp\/v2\/pages\/1370","targetHints":{"allow":["GET"]}}],"collection":[{"href":"https:\/\/www.hektar-lv.de\/en\/wp-json\/wp\/v2\/pages"}],"about":[{"href":"https:\/\/www.hektar-lv.de\/en\/wp-json\/wp\/v2\/types\/page"}],"author":[{"embeddable":true,"href":"https:\/\/www.hektar-lv.de\/en\/wp-json\/wp\/v2\/users\/1"}],"replies":[{"embeddable":true,"href":"https:\/\/www.hektar-lv.de\/en\/wp-json\/wp\/v2\/comments?post=1370"}],"version-history":[{"count":5,"href":"https:\/\/www.hektar-lv.de\/en\/wp-json\/wp\/v2\/pages\/1370\/revisions"}],"predecessor-version":[{"id":2099,"href":"https:\/\/www.hektar-lv.de\/en\/wp-json\/wp\/v2\/pages\/1370\/revisions\/2099"}],"wp:attachment":[{"href":"https:\/\/www.hektar-lv.de\/en\/wp-json\/wp\/v2\/media?parent=1370"}],"curies":[{"name":"wp","href":"https:\/\/api.w.org\/{rel}","templated":true}]}}